{"id":988843,"date":"2023-11-03T16:41:55","date_gmt":"2023-11-03T13:41:55","guid":{"rendered":"https:\/\/www.suzrestaurant.com\/?page_id=988843"},"modified":"2023-11-03T16:44:15","modified_gmt":"2023-11-03T13:44:15","slug":"rezervasyon-onayi","status":"publish","type":"page","link":"https:\/\/www.suzrestaurant.com\/en\/rezervasyon-onayi\/","title":{"rendered":"Reservation confirmation."},"content":{"rendered":"<div data-elementor-type=\"wp-page\" data-elementor-id=\"988843\" class=\"elementor elementor-988843\" data-elementor-post-type=\"page\">\n\t\t\t\t\t\t\t\t\t<section class=\"elementor-section elementor-top-section elementor-element elementor-element-bb7e3e5 elementor-section-boxed elementor-section-height-default elementor-section-height-default\" data-id=\"bb7e3e5\" data-element_type=\"section\">\n\t\t\t\t\t\t<div class=\"elementor-container elementor-column-gap-default\">\n\t\t\t\t\t<div class=\"elementor-column elementor-col-100 elementor-top-column elementor-element elementor-element-46b8f67\" data-id=\"46b8f67\" data-element_type=\"column\">\n\t\t\t<div class=\"elementor-widget-wrap elementor-element-populated\">\n\t\t\t\t\t\t\t\t<div class=\"elementor-element elementor-element-e88da94 elementor-widget elementor-widget-text-editor\" data-id=\"e88da94\" data-element_type=\"widget\" data-widget_type=\"text-editor.default\">\n\t\t\t\t<div class=\"elementor-widget-container\">\n\t\t\t<style>\/*! elementor - v3.16.0 - 17-10-2023 *\/\n.elementor-widget-text-editor.elementor-drop-cap-view-stacked .elementor-drop-cap{background-color:#69727d;color:#fff}.elementor-widget-text-editor.elementor-drop-cap-view-framed .elementor-drop-cap{color:#69727d;border:3px solid;background-color:transparent}.elementor-widget-text-editor:not(.elementor-drop-cap-view-default) .elementor-drop-cap{margin-top:8px}.elementor-widget-text-editor:not(.elementor-drop-cap-view-default) .elementor-drop-cap-letter{width:1em;height:1em}.elementor-widget-text-editor .elementor-drop-cap{float:left;text-align:center;line-height:1;font-size:50px}.elementor-widget-text-editor .elementor-drop-cap-letter{display:inline-block}<\/style>\t\t\t\t<h5>We have received your reservation request.<\/h5><h5>You will be notified when your reservation is approved.<\/h5>\t\t\t\t\t\t<\/div>\n\t\t\t\t<\/div>\n\t\t\t\t\t<\/div>\n\t\t<\/div>\n\t\t\t\t\t\t\t<\/div>\n\t\t<\/section>\n\t\t\t\t\t\t\t<\/div>","protected":false},"excerpt":{"rendered":"<p>Rezervasyon iste\u011finizi ald\u0131k. Rezervasyonunuz onayland\u0131\u011f\u0131nda size bilgi verilecektir.<\/p>","protected":false},"author":1,"featured_media":0,"parent":0,"menu_order":0,"comment_status":"closed","ping_status":"closed","template":"","meta":{"footnotes":""},"class_list":["post-988843","page","type-page","status-publish","hentry"],"_links":{"self":[{"href":"https:\/\/www.suzrestaurant.com\/en\/wp-json\/wp\/v2\/pages\/988843","targetHints":{"allow":["GET"]}}],"collection":[{"href":"https:\/\/www.suzrestaurant.com\/en\/wp-json\/wp\/v2\/pages"}],"about":[{"href":"https:\/\/www.suzrestaurant.com\/en\/wp-json\/wp\/v2\/types\/page"}],"author":[{"embeddable":true,"href":"https:\/\/www.suzrestaurant.com\/en\/wp-json\/wp\/v2\/users\/1"}],"replies":[{"embeddable":true,"href":"https:\/\/www.suzrestaurant.com\/en\/wp-json\/wp\/v2\/comments?post=988843"}],"version-history":[{"count":4,"href":"https:\/\/www.suzrestaurant.com\/en\/wp-json\/wp\/v2\/pages\/988843\/revisions"}],"predecessor-version":[{"id":988847,"href":"https:\/\/www.suzrestaurant.com\/en\/wp-json\/wp\/v2\/pages\/988843\/revisions\/988847"}],"wp:attachment":[{"href":"https:\/\/www.suzrestaurant.com\/en\/wp-json\/wp\/v2\/media?parent=988843"}],"curies":[{"name":"wp","href":"https:\/\/api.w.org\/{rel}","templated":true}]}}