{"id":110,"date":"2023-01-06T12:02:32","date_gmt":"2023-01-06T12:02:32","guid":{"rendered":"https:\/\/boucherie.vamtam.com\/?page_id=110"},"modified":"2023-10-12T12:24:54","modified_gmt":"2023-10-12T09:24:54","slug":"chef-table","status":"publish","type":"page","link":"https:\/\/www.suzrestaurant.com\/tr\/chef-table\/","title":{"rendered":"Chef Table"},"content":{"rendered":"\t\t<div data-elementor-type=\"wp-page\" data-elementor-id=\"110\" class=\"elementor elementor-110\" data-elementor-post-type=\"page\">\n\t\t\t\t\t\t\t\t\t<section class=\"elementor-section elementor-top-section elementor-element elementor-element-d709133 elementor-section-full_width elementor-section-height-min-height elementor-section-items-top elementor-section-height-default\" data-id=\"d709133\" data-element_type=\"section\">\n\t\t\t\t\t\t\t<div class=\"elementor-background-overlay\"><\/div>\n\t\t\t\t\t\t\t<div class=\"elementor-container elementor-column-gap-default\">\n\t\t\t\t\t<div class=\"elementor-column elementor-col-100 elementor-top-column elementor-element elementor-element-7b81f26\" data-id=\"7b81f26\" data-element_type=\"column\">\n\t\t\t<div class=\"elementor-widget-wrap\">\n\t\t\t\t\t\t\t\t\t<\/div>\n\t\t<\/div>\n\t\t\t\t\t\t\t<\/div>\n\t\t<\/section>\n\t\t\t\t<section class=\"elementor-section elementor-top-section elementor-element elementor-element-9cccccf elementor-section-boxed elementor-section-height-default elementor-section-height-default\" data-id=\"9cccccf\" data-element_type=\"section\" data-settings=\"{&quot;background_background&quot;:&quot;classic&quot;}\">\n\t\t\t\t\t\t<div class=\"elementor-container elementor-column-gap-no\">\n\t\t\t\t\t<div class=\"elementor-column elementor-col-100 elementor-top-column elementor-element elementor-element-e122299\" data-id=\"e122299\" data-element_type=\"column\">\n\t\t\t<div class=\"elementor-widget-wrap elementor-element-populated\">\n\t\t\t\t\t\t\t\t<div class=\"elementor-element elementor-element-b157852 elementor-widget elementor-widget-heading\" data-id=\"b157852\" data-element_type=\"widget\" data-widget_type=\"heading.default\">\n\t\t\t\t<div class=\"elementor-widget-container\">\n\t\t\t<style>\/*! elementor - v3.16.0 - 17-10-2023 *\/\n.elementor-heading-title{padding:0;margin:0;line-height:1}.elementor-widget-heading .elementor-heading-title[class*=elementor-size-]>a{color:inherit;font-size:inherit;line-height:inherit}.elementor-widget-heading .elementor-heading-title.elementor-size-small{font-size:15px}.elementor-widget-heading .elementor-heading-title.elementor-size-medium{font-size:19px}.elementor-widget-heading .elementor-heading-title.elementor-size-large{font-size:29px}.elementor-widget-heading .elementor-heading-title.elementor-size-xl{font-size:39px}.elementor-widget-heading .elementor-heading-title.elementor-size-xxl{font-size:59px}<\/style><h6 class=\"elementor-heading-title elementor-size-default\">\u2018S\u00dbZ\u2019 deneyiminizi daha \u00fcst seviyeye ta\u015f\u0131mak ad\u0131na; dilerseniz mutfa\u011f\u0131m\u0131z\u0131n ve ekibimizin ruhuna yak\u0131ndan \u015fahit olabilece\u011finiz, ate\u015fin sesini ve e\u015fsiz g\u00f6rselli\u011fini seyredebilece\u011finiz \u2018Chef Table\u2019 deneyimimiz sizleri bekliyor.\nRezervasyon an\u0131nda talebinizi belirtmeniz halinde yard\u0131mc\u0131 olmaktan mutluluk duyar\u0131z.\n \n\n<\/h6>\t\t<\/div>\n\t\t\t\t<\/div>\n\t\t\t\t\t<\/div>\n\t\t<\/div>\n\t\t\t\t\t\t\t<\/div>\n\t\t<\/section>\n\t\t\t\t<section class=\"elementor-section elementor-top-section elementor-element elementor-element-5be1d8a elementor-section-boxed elementor-section-height-default elementor-section-height-default\" data-id=\"5be1d8a\" data-element_type=\"section\">\n\t\t\t\t\t\t<div class=\"elementor-container elementor-column-gap-default\">\n\t\t\t\t\t<div class=\"elementor-column elementor-col-50 elementor-top-column elementor-element elementor-element-b8f1cc3\" data-id=\"b8f1cc3\" data-element_type=\"column\">\n\t\t\t<div class=\"elementor-widget-wrap elementor-element-populated\">\n\t\t\t\t\t\t\t\t<div class=\"elementor-element elementor-element-eff5c02 elementor-widget elementor-widget-image\" data-id=\"eff5c02\" data-element_type=\"widget\" data-widget_type=\"image.default\">\n\t\t\t\t<div class=\"elementor-widget-container\">\n\t\t\t<style>\/*! elementor - v3.16.0 - 17-10-2023 *\/\n.elementor-widget-image{text-align:center}.elementor-widget-image a{display:inline-block}.elementor-widget-image a img[src$=\".svg\"]{width:48px}.elementor-widget-image img{vertical-align:middle;display:inline-block}<\/style>\t\t\t\t\t\t\t\t\t\t\t\t<img loading=\"lazy\" decoding=\"async\" width=\"682\" height=\"1024\" src=\"https:\/\/www.suzrestaurant.com\/wp-content\/uploads\/2023\/09\/chef-1-682x1024.jpg\" class=\"attachment-large size-large wp-image-988413\" alt=\"\" srcset=\"https:\/\/www.suzrestaurant.com\/wp-content\/uploads\/2023\/09\/chef-1-682x1024.jpg 682w, https:\/\/www.suzrestaurant.com\/wp-content\/uploads\/2023\/09\/chef-1-200x300.jpg 200w, https:\/\/www.suzrestaurant.com\/wp-content\/uploads\/2023\/09\/chef-1-768x1152.jpg 768w, https:\/\/www.suzrestaurant.com\/wp-content\/uploads\/2023\/09\/chef-1-1024x1536.jpg 1024w, https:\/\/www.suzrestaurant.com\/wp-content\/uploads\/2023\/09\/chef-1-8x12.jpg 8w, https:\/\/www.suzrestaurant.com\/wp-content\/uploads\/2023\/09\/chef-1.jpg 1333w\" sizes=\"auto, (max-width: 682px) 100vw, 682px\" \/>\t\t\t\t\t\t\t\t\t\t\t\t\t\t\t<\/div>\n\t\t\t\t<\/div>\n\t\t\t\t\t<\/div>\n\t\t<\/div>\n\t\t\t\t<div class=\"elementor-column elementor-col-50 elementor-top-column elementor-element elementor-element-ed3fc1a\" data-id=\"ed3fc1a\" data-element_type=\"column\">\n\t\t\t<div class=\"elementor-widget-wrap elementor-element-populated\">\n\t\t\t\t\t\t\t\t<div class=\"elementor-element elementor-element-7784a31 elementor-widget elementor-widget-image\" data-id=\"7784a31\" data-element_type=\"widget\" data-widget_type=\"image.default\">\n\t\t\t\t<div class=\"elementor-widget-container\">\n\t\t\t\t\t\t\t\t\t\t\t\t\t\t\t<img loading=\"lazy\" decoding=\"async\" width=\"682\" height=\"1024\" src=\"https:\/\/www.suzrestaurant.com\/wp-content\/uploads\/2023\/09\/chef-2-682x1024.jpg\" class=\"attachment-large size-large wp-image-988414\" alt=\"\" srcset=\"https:\/\/www.suzrestaurant.com\/wp-content\/uploads\/2023\/09\/chef-2-682x1024.jpg 682w, https:\/\/www.suzrestaurant.com\/wp-content\/uploads\/2023\/09\/chef-2-200x300.jpg 200w, https:\/\/www.suzrestaurant.com\/wp-content\/uploads\/2023\/09\/chef-2-768x1152.jpg 768w, https:\/\/www.suzrestaurant.com\/wp-content\/uploads\/2023\/09\/chef-2-1024x1536.jpg 1024w, https:\/\/www.suzrestaurant.com\/wp-content\/uploads\/2023\/09\/chef-2-8x12.jpg 8w, https:\/\/www.suzrestaurant.com\/wp-content\/uploads\/2023\/09\/chef-2.jpg 1333w\" sizes=\"auto, (max-width: 682px) 100vw, 682px\" \/>\t\t\t\t\t\t\t\t\t\t\t\t\t\t\t<\/div>\n\t\t\t\t<\/div>\n\t\t\t\t\t<\/div>\n\t\t<\/div>\n\t\t\t\t\t\t\t<\/div>\n\t\t<\/section>\n\t\t\t\t<section class=\"elementor-section elementor-top-section elementor-element elementor-element-7068b5a elementor-section-boxed elementor-section-height-default elementor-section-height-default\" data-id=\"7068b5a\" data-element_type=\"section\">\n\t\t\t\t\t\t<div class=\"elementor-container elementor-column-gap-default\">\n\t\t\t\t\t<div class=\"elementor-column elementor-col-50 elementor-top-column elementor-element elementor-element-ce78e82\" data-id=\"ce78e82\" data-element_type=\"column\">\n\t\t\t<div class=\"elementor-widget-wrap elementor-element-populated\">\n\t\t\t\t\t\t\t\t<div class=\"elementor-element elementor-element-e751a6b elementor-widget elementor-widget-image\" data-id=\"e751a6b\" data-element_type=\"widget\" data-widget_type=\"image.default\">\n\t\t\t\t<div class=\"elementor-widget-container\">\n\t\t\t\t\t\t\t\t\t\t\t\t\t\t\t<img loading=\"lazy\" decoding=\"async\" width=\"682\" height=\"1024\" src=\"https:\/\/www.suzrestaurant.com\/wp-content\/uploads\/2023\/09\/chef-3-682x1024.jpg\" class=\"attachment-large size-large wp-image-988415\" alt=\"\" srcset=\"https:\/\/www.suzrestaurant.com\/wp-content\/uploads\/2023\/09\/chef-3-682x1024.jpg 682w, https:\/\/www.suzrestaurant.com\/wp-content\/uploads\/2023\/09\/chef-3-200x300.jpg 200w, https:\/\/www.suzrestaurant.com\/wp-content\/uploads\/2023\/09\/chef-3-768x1152.jpg 768w, https:\/\/www.suzrestaurant.com\/wp-content\/uploads\/2023\/09\/chef-3-1024x1536.jpg 1024w, https:\/\/www.suzrestaurant.com\/wp-content\/uploads\/2023\/09\/chef-3-8x12.jpg 8w, https:\/\/www.suzrestaurant.com\/wp-content\/uploads\/2023\/09\/chef-3.jpg 1333w\" sizes=\"auto, (max-width: 682px) 100vw, 682px\" \/>\t\t\t\t\t\t\t\t\t\t\t\t\t\t\t<\/div>\n\t\t\t\t<\/div>\n\t\t\t\t\t<\/div>\n\t\t<\/div>\n\t\t\t\t<div class=\"elementor-column elementor-col-50 elementor-top-column elementor-element elementor-element-36bcc63\" data-id=\"36bcc63\" data-element_type=\"column\">\n\t\t\t<div class=\"elementor-widget-wrap elementor-element-populated\">\n\t\t\t\t\t\t\t\t<div class=\"elementor-element elementor-element-5f94351 elementor-widget elementor-widget-image\" data-id=\"5f94351\" data-element_type=\"widget\" data-widget_type=\"image.default\">\n\t\t\t\t<div class=\"elementor-widget-container\">\n\t\t\t\t\t\t\t\t\t\t\t\t\t\t\t<img loading=\"lazy\" decoding=\"async\" width=\"682\" height=\"1024\" src=\"https:\/\/www.suzrestaurant.com\/wp-content\/uploads\/2023\/09\/chef-4-682x1024.jpg\" class=\"attachment-large size-large wp-image-988416\" alt=\"\" srcset=\"https:\/\/www.suzrestaurant.com\/wp-content\/uploads\/2023\/09\/chef-4-682x1024.jpg 682w, https:\/\/www.suzrestaurant.com\/wp-content\/uploads\/2023\/09\/chef-4-200x300.jpg 200w, https:\/\/www.suzrestaurant.com\/wp-content\/uploads\/2023\/09\/chef-4-768x1153.jpg 768w, https:\/\/www.suzrestaurant.com\/wp-content\/uploads\/2023\/09\/chef-4-1023x1536.jpg 1023w, https:\/\/www.suzrestaurant.com\/wp-content\/uploads\/2023\/09\/chef-4-8x12.jpg 8w, https:\/\/www.suzrestaurant.com\/wp-content\/uploads\/2023\/09\/chef-4.jpg 1066w\" sizes=\"auto, (max-width: 682px) 100vw, 682px\" \/>\t\t\t\t\t\t\t\t\t\t\t\t\t\t\t<\/div>\n\t\t\t\t<\/div>\n\t\t\t\t\t<\/div>\n\t\t<\/div>\n\t\t\t\t\t\t\t<\/div>\n\t\t<\/section>\n\t\t\t\t<section class=\"elementor-section elementor-top-section elementor-element elementor-element-e7157bd elementor-section-boxed elementor-section-height-default elementor-section-height-default\" data-id=\"e7157bd\" data-element_type=\"section\" data-settings=\"{&quot;background_background&quot;:&quot;classic&quot;}\">\n\t\t\t\t\t\t<div class=\"elementor-container elementor-column-gap-no\">\n\t\t\t\t\t<div class=\"elementor-column elementor-col-100 elementor-top-column elementor-element elementor-element-276d909\" data-id=\"276d909\" data-element_type=\"column\">\n\t\t\t<div class=\"elementor-widget-wrap\">\n\t\t\t\t\t\t\t\t\t<\/div>\n\t\t<\/div>\n\t\t\t\t\t\t\t<\/div>\n\t\t<\/section>\n\t\t\t\t\t\t\t<\/div>\n\t\t","protected":false},"excerpt":{"rendered":"<p>\u2018S\u00dbZ\u2019 deneyiminizi daha \u00fcst seviyeye ta\u015f\u0131mak ad\u0131na; dilerseniz mutfa\u011f\u0131m\u0131z\u0131n ve ekibimizin ruhuna yak\u0131ndan \u015fahit olabilece\u011finiz, ate\u015fin sesini ve e\u015fsiz g\u00f6rselli\u011fini&#8230;<\/p>\n","protected":false},"author":1,"featured_media":0,"parent":0,"menu_order":0,"comment_status":"closed","ping_status":"closed","template":"elementor_header_footer","meta":{"footnotes":""},"class_list":["post-110","page","type-page","status-publish","hentry"],"_links":{"self":[{"href":"https:\/\/www.suzrestaurant.com\/tr\/wp-json\/wp\/v2\/pages\/110","targetHints":{"allow":["GET"]}}],"collection":[{"href":"https:\/\/www.suzrestaurant.com\/tr\/wp-json\/wp\/v2\/pages"}],"about":[{"href":"https:\/\/www.suzrestaurant.com\/tr\/wp-json\/wp\/v2\/types\/page"}],"author":[{"embeddable":true,"href":"https:\/\/www.suzrestaurant.com\/tr\/wp-json\/wp\/v2\/users\/1"}],"replies":[{"embeddable":true,"href":"https:\/\/www.suzrestaurant.com\/tr\/wp-json\/wp\/v2\/comments?post=110"}],"version-history":[{"count":71,"href":"https:\/\/www.suzrestaurant.com\/tr\/wp-json\/wp\/v2\/pages\/110\/revisions"}],"predecessor-version":[{"id":988662,"href":"https:\/\/www.suzrestaurant.com\/tr\/wp-json\/wp\/v2\/pages\/110\/revisions\/988662"}],"wp:attachment":[{"href":"https:\/\/www.suzrestaurant.com\/tr\/wp-json\/wp\/v2\/media?parent=110"}],"curies":[{"name":"wp","href":"https:\/\/api.w.org\/{rel}","templated":true}]}}