{"id":114,"date":"2023-01-06T12:03:03","date_gmt":"2023-01-06T12:03:03","guid":{"rendered":"https:\/\/boucherie.vamtam.com\/?page_id=114"},"modified":"2023-10-23T19:22:25","modified_gmt":"2023-10-23T16:22:25","slug":"about","status":"publish","type":"page","link":"https:\/\/www.suzrestaurant.com\/tr\/about\/","title":{"rendered":"About us"},"content":{"rendered":"\t\t<div data-elementor-type=\"wp-page\" data-elementor-id=\"114\" class=\"elementor elementor-114\" data-elementor-post-type=\"page\">\n\t\t\t\t\t\t\t\t\t<section class=\"elementor-section elementor-top-section elementor-element elementor-element-7c606a2 elementor-section-full_width elementor-section-height-min-height elementor-section-items-top elementor-section-height-default\" data-id=\"7c606a2\" data-element_type=\"section\">\n\t\t\t\t\t\t\t<div class=\"elementor-background-overlay\"><\/div>\n\t\t\t\t\t\t\t<div class=\"elementor-container elementor-column-gap-default\">\n\t\t\t\t\t<div class=\"elementor-column elementor-col-100 elementor-top-column elementor-element elementor-element-44a0c25\" data-id=\"44a0c25\" data-element_type=\"column\">\n\t\t\t<div class=\"elementor-widget-wrap\">\n\t\t\t\t\t\t\t\t\t<\/div>\n\t\t<\/div>\n\t\t\t\t\t\t\t<\/div>\n\t\t<\/section>\n\t\t\t\t<section class=\"elementor-section elementor-top-section elementor-element elementor-element-c5af5ad elementor-reverse-mobile elementor-section-boxed elementor-section-height-default elementor-section-height-default\" data-id=\"c5af5ad\" data-element_type=\"section\" data-settings=\"{&quot;background_background&quot;:&quot;classic&quot;}\">\n\t\t\t\t\t\t<div class=\"elementor-container elementor-column-gap-default\">\n\t\t\t\t\t<div class=\"elementor-column elementor-col-50 elementor-top-column elementor-element elementor-element-fe70829\" data-id=\"fe70829\" data-element_type=\"column\">\n\t\t\t<div class=\"elementor-widget-wrap elementor-element-populated\">\n\t\t\t\t\t\t\t\t<div class=\"elementor-element elementor-element-acb52a1 elementor-widget elementor-widget-image\" data-id=\"acb52a1\" data-element_type=\"widget\" data-settings=\"{&quot;motion_fx_motion_fx_scrolling&quot;:&quot;yes&quot;,&quot;motion_fx_translateY_speed&quot;:{&quot;unit&quot;:&quot;px&quot;,&quot;size&quot;:1,&quot;sizes&quot;:[]},&quot;motion_fx_devices&quot;:[&quot;desktop&quot;],&quot;motion_fx_translateY_effect&quot;:&quot;yes&quot;,&quot;motion_fx_translateY_affectedRange&quot;:{&quot;unit&quot;:&quot;%&quot;,&quot;size&quot;:&quot;&quot;,&quot;sizes&quot;:{&quot;start&quot;:0,&quot;end&quot;:100}}}\" data-widget_type=\"image.default\">\n\t\t\t\t<div class=\"elementor-widget-container\">\n\t\t\t<style>\/*! elementor - v3.16.0 - 17-10-2023 *\/\n.elementor-widget-image{text-align:center}.elementor-widget-image a{display:inline-block}.elementor-widget-image a img[src$=\".svg\"]{width:48px}.elementor-widget-image img{vertical-align:middle;display:inline-block}<\/style>\t\t\t\t\t\t\t\t\t\t\t\t<img loading=\"lazy\" decoding=\"async\" width=\"683\" height=\"1024\" src=\"https:\/\/www.suzrestaurant.com\/wp-content\/uploads\/2023\/09\/suz-1-683x1024.jpg\" class=\"attachment-large size-large wp-image-988387\" alt=\"\" srcset=\"https:\/\/www.suzrestaurant.com\/wp-content\/uploads\/2023\/09\/suz-1-683x1024.jpg 683w, https:\/\/www.suzrestaurant.com\/wp-content\/uploads\/2023\/09\/suz-1-200x300.jpg 200w, https:\/\/www.suzrestaurant.com\/wp-content\/uploads\/2023\/09\/suz-1-768x1152.jpg 768w, https:\/\/www.suzrestaurant.com\/wp-content\/uploads\/2023\/09\/suz-1-1024x1536.jpg 1024w, https:\/\/www.suzrestaurant.com\/wp-content\/uploads\/2023\/09\/suz-1-1365x2048.jpg 1365w, https:\/\/www.suzrestaurant.com\/wp-content\/uploads\/2023\/09\/suz-1-8x12.jpg 8w, https:\/\/www.suzrestaurant.com\/wp-content\/uploads\/2023\/09\/suz-1-scaled.jpg 1707w\" sizes=\"auto, (max-width: 683px) 100vw, 683px\" \/>\t\t\t\t\t\t\t\t\t\t\t\t\t\t\t<\/div>\n\t\t\t\t<\/div>\n\t\t\t\t\t<\/div>\n\t\t<\/div>\n\t\t\t\t<div class=\"elementor-column elementor-col-50 elementor-top-column elementor-element elementor-element-32b0461\" data-id=\"32b0461\" data-element_type=\"column\">\n\t\t\t<div class=\"elementor-widget-wrap elementor-element-populated\">\n\t\t\t\t\t\t\t\t<div class=\"elementor-element elementor-element-a22c81f elementor-widget elementor-widget-heading\" data-id=\"a22c81f\" data-element_type=\"widget\" data-widget_type=\"heading.default\">\n\t\t\t\t<div class=\"elementor-widget-container\">\n\t\t\t<style>\/*! elementor - v3.16.0 - 17-10-2023 *\/\n.elementor-heading-title{padding:0;margin:0;line-height:1}.elementor-widget-heading .elementor-heading-title[class*=elementor-size-]>a{color:inherit;font-size:inherit;line-height:inherit}.elementor-widget-heading .elementor-heading-title.elementor-size-small{font-size:15px}.elementor-widget-heading .elementor-heading-title.elementor-size-medium{font-size:19px}.elementor-widget-heading .elementor-heading-title.elementor-size-large{font-size:29px}.elementor-widget-heading .elementor-heading-title.elementor-size-xl{font-size:39px}.elementor-widget-heading .elementor-heading-title.elementor-size-xxl{font-size:59px}<\/style><h6 class=\"elementor-heading-title elementor-size-default\">S\u00dbZ; ge\u00e7mi\u015ften g\u00fcn\u00fcm\u00fcze onlarca medeniyete ev sahipli\u011fi yapm\u0131\u015f topraklar\u0131n \u00f6\u011fretilerini k\u0131lavuz edinerek, g\u00fcn\u00fcm\u00fcz\u00fcn d\u00fcnyas\u0131nda unutulmayacak \u2018an\u2019lara ev sahipli\u011fi yap\u0131yor.<\/h6>\t\t<\/div>\n\t\t\t\t<\/div>\n\t\t\t\t\t<\/div>\n\t\t<\/div>\n\t\t\t\t\t\t\t<\/div>\n\t\t<\/section>\n\t\t\t\t<section class=\"elementor-section elementor-top-section elementor-element elementor-element-fe77f55 elementor-section-boxed elementor-section-height-default elementor-section-height-default\" data-id=\"fe77f55\" data-element_type=\"section\" data-settings=\"{&quot;background_background&quot;:&quot;classic&quot;}\">\n\t\t\t\t\t\t<div class=\"elementor-container elementor-column-gap-no\">\n\t\t\t\t\t<div class=\"elementor-column elementor-col-50 elementor-top-column elementor-element elementor-element-c48c02a\" data-id=\"c48c02a\" data-element_type=\"column\">\n\t\t\t<div class=\"elementor-widget-wrap elementor-element-populated\">\n\t\t\t\t\t\t\t\t<div class=\"elementor-element elementor-element-60e6d2b elementor-widget elementor-widget-heading\" data-id=\"60e6d2b\" data-element_type=\"widget\" data-widget_type=\"heading.default\">\n\t\t\t\t<div class=\"elementor-widget-container\">\n\t\t\t<h6 class=\"elementor-heading-title elementor-size-default\">Yemek ve yeme\u011fin sunuldu\u011fu alanlar\u0131n; ihtiya\u00e7lar\u0131n \u00f6tesinde zevklerimizi ve tarz\u0131m\u0131z\u0131 yans\u0131tt\u0131\u011f\u0131na inan\u0131yor, bu sebeple en yal\u0131n lezzetleri; sade ve minimal bir d\u00fcnya ile bulu\u015fturuyoruz.\n<\/h6>\t\t<\/div>\n\t\t\t\t<\/div>\n\t\t\t\t\t<\/div>\n\t\t<\/div>\n\t\t\t\t<div class=\"elementor-column elementor-col-50 elementor-top-column elementor-element elementor-element-8f66b1e\" data-id=\"8f66b1e\" data-element_type=\"column\">\n\t\t\t<div class=\"elementor-widget-wrap elementor-element-populated\">\n\t\t\t\t\t\t\t\t<div class=\"elementor-element elementor-element-440d9f1 elementor-widget elementor-widget-image\" data-id=\"440d9f1\" data-element_type=\"widget\" data-settings=\"{&quot;motion_fx_motion_fx_scrolling&quot;:&quot;yes&quot;,&quot;motion_fx_translateY_speed&quot;:{&quot;unit&quot;:&quot;px&quot;,&quot;size&quot;:1,&quot;sizes&quot;:[]},&quot;motion_fx_devices&quot;:[&quot;desktop&quot;],&quot;motion_fx_translateY_effect&quot;:&quot;yes&quot;,&quot;motion_fx_translateY_affectedRange&quot;:{&quot;unit&quot;:&quot;%&quot;,&quot;size&quot;:&quot;&quot;,&quot;sizes&quot;:{&quot;start&quot;:0,&quot;end&quot;:100}}}\" data-widget_type=\"image.default\">\n\t\t\t\t<div class=\"elementor-widget-container\">\n\t\t\t\t\t\t\t\t\t\t\t\t\t\t\t<img loading=\"lazy\" decoding=\"async\" width=\"683\" height=\"1024\" src=\"https:\/\/www.suzrestaurant.com\/wp-content\/uploads\/2023\/09\/suz-2-683x1024.jpg\" class=\"attachment-large size-large wp-image-988388\" alt=\"\" srcset=\"https:\/\/www.suzrestaurant.com\/wp-content\/uploads\/2023\/09\/suz-2-683x1024.jpg 683w, https:\/\/www.suzrestaurant.com\/wp-content\/uploads\/2023\/09\/suz-2-200x300.jpg 200w, https:\/\/www.suzrestaurant.com\/wp-content\/uploads\/2023\/09\/suz-2-768x1152.jpg 768w, https:\/\/www.suzrestaurant.com\/wp-content\/uploads\/2023\/09\/suz-2-1024x1536.jpg 1024w, https:\/\/www.suzrestaurant.com\/wp-content\/uploads\/2023\/09\/suz-2-1365x2048.jpg 1365w, https:\/\/www.suzrestaurant.com\/wp-content\/uploads\/2023\/09\/suz-2-8x12.jpg 8w, https:\/\/www.suzrestaurant.com\/wp-content\/uploads\/2023\/09\/suz-2-scaled.jpg 1707w\" sizes=\"auto, (max-width: 683px) 100vw, 683px\" \/>\t\t\t\t\t\t\t\t\t\t\t\t\t\t\t<\/div>\n\t\t\t\t<\/div>\n\t\t\t\t\t<\/div>\n\t\t<\/div>\n\t\t\t\t\t\t\t<\/div>\n\t\t<\/section>\n\t\t\t\t<section class=\"elementor-section elementor-top-section elementor-element elementor-element-db2247a elementor-reverse-mobile elementor-section-boxed elementor-section-height-default elementor-section-height-default\" data-id=\"db2247a\" data-element_type=\"section\" data-settings=\"{&quot;background_background&quot;:&quot;classic&quot;}\">\n\t\t\t\t\t\t<div class=\"elementor-container elementor-column-gap-no\">\n\t\t\t\t\t<div class=\"elementor-column elementor-col-50 elementor-top-column elementor-element elementor-element-c7c4b5e\" data-id=\"c7c4b5e\" data-element_type=\"column\">\n\t\t\t<div class=\"elementor-widget-wrap elementor-element-populated\">\n\t\t\t\t\t\t\t\t<div class=\"elementor-element elementor-element-1e92d05 elementor-widget elementor-widget-image\" data-id=\"1e92d05\" data-element_type=\"widget\" data-widget_type=\"image.default\">\n\t\t\t\t<div class=\"elementor-widget-container\">\n\t\t\t\t\t\t\t\t\t\t\t\t\t\t\t<img loading=\"lazy\" decoding=\"async\" width=\"683\" height=\"1024\" src=\"https:\/\/www.suzrestaurant.com\/wp-content\/uploads\/2023\/09\/suz-3-683x1024.jpg\" class=\"attachment-large size-large wp-image-988389\" alt=\"\" srcset=\"https:\/\/www.suzrestaurant.com\/wp-content\/uploads\/2023\/09\/suz-3-683x1024.jpg 683w, https:\/\/www.suzrestaurant.com\/wp-content\/uploads\/2023\/09\/suz-3-200x300.jpg 200w, https:\/\/www.suzrestaurant.com\/wp-content\/uploads\/2023\/09\/suz-3-768x1152.jpg 768w, https:\/\/www.suzrestaurant.com\/wp-content\/uploads\/2023\/09\/suz-3-1024x1536.jpg 1024w, https:\/\/www.suzrestaurant.com\/wp-content\/uploads\/2023\/09\/suz-3-1365x2048.jpg 1365w, https:\/\/www.suzrestaurant.com\/wp-content\/uploads\/2023\/09\/suz-3-8x12.jpg 8w, https:\/\/www.suzrestaurant.com\/wp-content\/uploads\/2023\/09\/suz-3-scaled.jpg 1707w\" sizes=\"auto, (max-width: 683px) 100vw, 683px\" \/>\t\t\t\t\t\t\t\t\t\t\t\t\t\t\t<\/div>\n\t\t\t\t<\/div>\n\t\t\t\t\t<\/div>\n\t\t<\/div>\n\t\t\t\t<div class=\"elementor-column elementor-col-50 elementor-top-column elementor-element elementor-element-0a6c9d1\" data-id=\"0a6c9d1\" data-element_type=\"column\">\n\t\t\t<div class=\"elementor-widget-wrap elementor-element-populated\">\n\t\t\t\t\t\t\t\t<div class=\"elementor-element elementor-element-5187a80 elementor-widget elementor-widget-heading\" data-id=\"5187a80\" data-element_type=\"widget\" data-widget_type=\"heading.default\">\n\t\t\t\t<div class=\"elementor-widget-container\">\n\t\t\t<h6 class=\"elementor-heading-title elementor-size-default\">Men\u00fcm\u00fczde kulland\u0131\u011f\u0131m\u0131z t\u00fcm malzemeleri; ba\u015fta bulundu\u011fumuz b\u00f6lgenin zengin topraklar\u0131 olmak \u00fczere yerel \u00fcreticilerden tedarik ederek; en do\u011fru lezzeti yakalamak ad\u0131na kiraz, elma, me\u015fe gibi aromal\u0131 odun ate\u015fi ile bulu\u015fturuyoruz.\n<\/h6>\t\t<\/div>\n\t\t\t\t<\/div>\n\t\t\t\t\t<\/div>\n\t\t<\/div>\n\t\t\t\t\t\t\t<\/div>\n\t\t<\/section>\n\t\t\t\t<section class=\"elementor-section elementor-top-section elementor-element elementor-element-d9e0e4a elementor-section-boxed elementor-section-height-default elementor-section-height-default\" data-id=\"d9e0e4a\" data-element_type=\"section\" data-settings=\"{&quot;background_background&quot;:&quot;classic&quot;}\">\n\t\t\t\t\t\t<div class=\"elementor-container elementor-column-gap-default\">\n\t\t\t\t\t<div class=\"elementor-column elementor-col-50 elementor-top-column elementor-element elementor-element-1e260cb\" data-id=\"1e260cb\" data-element_type=\"column\">\n\t\t\t<div class=\"elementor-widget-wrap elementor-element-populated\">\n\t\t\t\t\t\t\t\t<div class=\"elementor-element elementor-element-a3c9a8f elementor-widget elementor-widget-image\" data-id=\"a3c9a8f\" data-element_type=\"widget\" data-widget_type=\"image.default\">\n\t\t\t\t<div class=\"elementor-widget-container\">\n\t\t\t\t\t\t\t\t\t\t\t\t\t\t\t<img loading=\"lazy\" decoding=\"async\" width=\"683\" height=\"1024\" src=\"https:\/\/www.suzrestaurant.com\/wp-content\/uploads\/2023\/09\/suz-4-683x1024.jpg\" class=\"attachment-large size-large wp-image-988390\" alt=\"\" srcset=\"https:\/\/www.suzrestaurant.com\/wp-content\/uploads\/2023\/09\/suz-4-683x1024.jpg 683w, https:\/\/www.suzrestaurant.com\/wp-content\/uploads\/2023\/09\/suz-4-200x300.jpg 200w, https:\/\/www.suzrestaurant.com\/wp-content\/uploads\/2023\/09\/suz-4-768x1152.jpg 768w, https:\/\/www.suzrestaurant.com\/wp-content\/uploads\/2023\/09\/suz-4-1024x1536.jpg 1024w, https:\/\/www.suzrestaurant.com\/wp-content\/uploads\/2023\/09\/suz-4-1365x2048.jpg 1365w, https:\/\/www.suzrestaurant.com\/wp-content\/uploads\/2023\/09\/suz-4-8x12.jpg 8w, https:\/\/www.suzrestaurant.com\/wp-content\/uploads\/2023\/09\/suz-4-scaled.jpg 1707w\" sizes=\"auto, (max-width: 683px) 100vw, 683px\" \/>\t\t\t\t\t\t\t\t\t\t\t\t\t\t\t<\/div>\n\t\t\t\t<\/div>\n\t\t\t\t\t<\/div>\n\t\t<\/div>\n\t\t\t\t<div class=\"elementor-column elementor-col-50 elementor-top-column elementor-element elementor-element-f8b3280\" data-id=\"f8b3280\" data-element_type=\"column\">\n\t\t\t<div class=\"elementor-widget-wrap elementor-element-populated\">\n\t\t\t\t\t\t\t\t<div class=\"elementor-element elementor-element-b519bb2 elementor-widget elementor-widget-heading\" data-id=\"b519bb2\" data-element_type=\"widget\" data-settings=\"{&quot;sticky&quot;:&quot;top&quot;,&quot;sticky_offset&quot;:17,&quot;sticky_effects_offset&quot;:3,&quot;sticky_parent&quot;:&quot;yes&quot;,&quot;sticky_on&quot;:[&quot;desktop&quot;,&quot;tablet&quot;,&quot;mobile&quot;]}\" data-widget_type=\"heading.default\">\n\t\t\t\t<div class=\"elementor-widget-container\">\n\t\t\t<h6 class=\"elementor-heading-title elementor-size-default\">Zengin \u015farap kav\u0131m\u0131z ve i\u015ftah a\u00e7\u0131c\u0131 kokteyl men\u00fcm\u00fcz de mutfaktan \u00e7\u0131kan lezzetlerimize e\u015flik ediyor.<\/h6>\t\t<\/div>\n\t\t\t\t<\/div>\n\t\t\t\t\t<\/div>\n\t\t<\/div>\n\t\t\t\t\t\t\t<\/div>\n\t\t<\/section>\n\t\t\t\t\t\t\t<\/div>\n\t\t","protected":false},"excerpt":{"rendered":"<p>S\u00dbZ; ge\u00e7mi\u015ften g\u00fcn\u00fcm\u00fcze onlarca medeniyete ev sahipli\u011fi yapm\u0131\u015f topraklar\u0131n \u00f6\u011fretilerini k\u0131lavuz edinerek, g\u00fcn\u00fcm\u00fcz\u00fcn d\u00fcnyas\u0131nda unutulmayacak \u2018an\u2019lara ev sahipli\u011fi yap\u0131yor. Yemek&#8230;<\/p>\n","protected":false},"author":1,"featured_media":987712,"parent":0,"menu_order":0,"comment_status":"closed","ping_status":"closed","template":"elementor_header_footer","meta":{"footnotes":""},"class_list":["post-114","page","type-page","status-publish","has-post-thumbnail","hentry"],"_links":{"self":[{"href":"https:\/\/www.suzrestaurant.com\/tr\/wp-json\/wp\/v2\/pages\/114","targetHints":{"allow":["GET"]}}],"collection":[{"href":"https:\/\/www.suzrestaurant.com\/tr\/wp-json\/wp\/v2\/pages"}],"about":[{"href":"https:\/\/www.suzrestaurant.com\/tr\/wp-json\/wp\/v2\/types\/page"}],"author":[{"embeddable":true,"href":"https:\/\/www.suzrestaurant.com\/tr\/wp-json\/wp\/v2\/users\/1"}],"replies":[{"embeddable":true,"href":"https:\/\/www.suzrestaurant.com\/tr\/wp-json\/wp\/v2\/comments?post=114"}],"version-history":[{"count":193,"href":"https:\/\/www.suzrestaurant.com\/tr\/wp-json\/wp\/v2\/pages\/114\/revisions"}],"predecessor-version":[{"id":988834,"href":"https:\/\/www.suzrestaurant.com\/tr\/wp-json\/wp\/v2\/pages\/114\/revisions\/988834"}],"wp:featuredmedia":[{"embeddable":true,"href":"https:\/\/www.suzrestaurant.com\/tr\/wp-json\/wp\/v2\/media\/987712"}],"wp:attachment":[{"href":"https:\/\/www.suzrestaurant.com\/tr\/wp-json\/wp\/v2\/media?parent=114"}],"curies":[{"name":"wp","href":"https:\/\/api.w.org\/{rel}","templated":true}]}}