{"id":86,"date":"2023-01-06T11:44:55","date_gmt":"2023-01-06T11:44:55","guid":{"rendered":"https:\/\/boucherie.vamtam.com\/?page_id=86"},"modified":"2023-10-12T12:06:47","modified_gmt":"2023-10-12T09:06:47","slug":"steak-house","status":"publish","type":"page","link":"https:\/\/www.suzrestaurant.com\/tr\/","title":{"rendered":"S\u00dbZ"},"content":{"rendered":"\t\t<div data-elementor-type=\"wp-page\" data-elementor-id=\"86\" class=\"elementor elementor-86\" data-elementor-post-type=\"page\">\n\t\t\t\t\t\t\t\t\t<section class=\"elementor-section elementor-top-section elementor-element elementor-element-a144463 elementor-section-height-min-height elementor-section-items-stretch elementor-section-content-bottom elementor-section-boxed elementor-section-height-default\" data-id=\"a144463\" data-element_type=\"section\" data-settings=\"{&quot;background_background&quot;:&quot;video&quot;,&quot;background_video_link&quot;:&quot;https:\\\/\\\/www.suzrestaurant.com\\\/wp-content\\\/uploads\\\/2023\\\/08\\\/Suz-Yol-website_1.mp4&quot;,&quot;background_play_on_mobile&quot;:&quot;yes&quot;}\">\n\t\t\t\t\t\t\t\t<div class=\"elementor-background-video-container\">\n\t\t\t\t\t\t\t\t\t\t\t\t\t<video class=\"elementor-background-video-hosted elementor-html5-video\" autoplay muted playsinline loop><\/video>\n\t\t\t\t\t\t\t\t\t\t\t<\/div>\n\t\t\t\t\t\t\t\t\t<div class=\"elementor-background-overlay\"><\/div>\n\t\t\t\t\t\t\t<div class=\"elementor-container elementor-column-gap-no\">\n\t\t\t\t\t<div class=\"elementor-column elementor-col-100 elementor-top-column elementor-element elementor-element-919b835\" data-id=\"919b835\" data-element_type=\"column\">\n\t\t\t<div class=\"elementor-widget-wrap\">\n\t\t\t\t\t\t\t\t\t<\/div>\n\t\t<\/div>\n\t\t\t\t\t\t\t<\/div>\n\t\t<\/section>\n\t\t\t\t<section class=\"elementor-section elementor-top-section elementor-element elementor-element-32f5205 elementor-section-boxed elementor-section-height-default elementor-section-height-default\" data-id=\"32f5205\" data-element_type=\"section\" data-settings=\"{&quot;background_background&quot;:&quot;classic&quot;}\">\n\t\t\t\t\t\t<div class=\"elementor-container elementor-column-gap-no\">\n\t\t\t\t\t<div class=\"elementor-column elementor-col-100 elementor-top-column elementor-element elementor-element-cab1b8d\" data-id=\"cab1b8d\" data-element_type=\"column\">\n\t\t\t<div class=\"elementor-widget-wrap elementor-element-populated\">\n\t\t\t\t\t\t\t\t<div class=\"elementor-element elementor-element-da3f07b elementor-invisible elementor-widget elementor-widget-heading\" data-id=\"da3f07b\" data-element_type=\"widget\" data-settings=\"{&quot;_animation&quot;:&quot;fadeIn&quot;,&quot;_animation_tablet&quot;:&quot;none&quot;,&quot;_animation_delay&quot;:200}\" data-widget_type=\"heading.default\">\n\t\t\t\t<div class=\"elementor-widget-container\">\n\t\t\t<style>\/*! elementor - v3.16.0 - 17-10-2023 *\/\n.elementor-heading-title{padding:0;margin:0;line-height:1}.elementor-widget-heading .elementor-heading-title[class*=elementor-size-]>a{color:inherit;font-size:inherit;line-height:inherit}.elementor-widget-heading .elementor-heading-title.elementor-size-small{font-size:15px}.elementor-widget-heading .elementor-heading-title.elementor-size-medium{font-size:19px}.elementor-widget-heading .elementor-heading-title.elementor-size-large{font-size:29px}.elementor-widget-heading .elementor-heading-title.elementor-size-xl{font-size:39px}.elementor-widget-heading .elementor-heading-title.elementor-size-xxl{font-size:59px}<\/style><h6 class=\"elementor-heading-title elementor-size-default\">S\u00dbZ; a\u00e7\u0131k ate\u015ften lezzetleri sofistike bir mutfak anlay\u0131\u015f\u0131yla bulu\u015fturarak, sizleri yepyeni bir gastronomi deneyimine davet ediyor.\n<br>\n<br>\n\nBulundu\u011fu topraklar\u0131n tarihini ve duygusunu \u00e7a\u011fda\u015f bir tasar\u0131mla bulu\u015fturan S\u00dbZ\u2019de; lokal malzemeleri ate\u015fin do\u011fal ak\u0131\u015f\u0131nda i\u015fleyerek, her damak tad\u0131n\u0131 mutlu edecek \u00e7e\u015fitlilikte se\u00e7enekler sunuyoruz.\n<\/h6>\t\t<\/div>\n\t\t\t\t<\/div>\n\t\t\t\t\t<\/div>\n\t\t<\/div>\n\t\t\t\t\t\t\t<\/div>\n\t\t<\/section>\n\t\t\t\t<section class=\"elementor-section elementor-top-section elementor-element elementor-element-a621bb6 elementor-section-boxed elementor-section-height-default elementor-section-height-default\" data-id=\"a621bb6\" data-element_type=\"section\" data-settings=\"{&quot;background_background&quot;:&quot;gradient&quot;}\">\n\t\t\t\t\t\t<div class=\"elementor-container elementor-column-gap-no\">\n\t\t\t\t\t<div class=\"elementor-column elementor-col-50 elementor-top-column elementor-element elementor-element-3e0ca75\" data-id=\"3e0ca75\" data-element_type=\"column\">\n\t\t\t<div class=\"elementor-widget-wrap elementor-element-populated\">\n\t\t\t\t\t\t\t\t<div class=\"elementor-element elementor-element-cac6991 elementor-widget elementor-widget-image\" data-id=\"cac6991\" data-element_type=\"widget\" data-settings=\"{&quot;motion_fx_motion_fx_scrolling&quot;:&quot;yes&quot;,&quot;motion_fx_translateY_effect&quot;:&quot;yes&quot;,&quot;motion_fx_translateY_direction&quot;:&quot;negative&quot;,&quot;motion_fx_translateY_speed&quot;:{&quot;unit&quot;:&quot;px&quot;,&quot;size&quot;:2,&quot;sizes&quot;:[]},&quot;motion_fx_devices&quot;:[&quot;desktop&quot;],&quot;motion_fx_translateY_affectedRange&quot;:{&quot;unit&quot;:&quot;%&quot;,&quot;size&quot;:&quot;&quot;,&quot;sizes&quot;:{&quot;start&quot;:0,&quot;end&quot;:100}}}\" data-widget_type=\"image.default\">\n\t\t\t\t<div class=\"elementor-widget-container\">\n\t\t\t<style>\/*! elementor - v3.16.0 - 17-10-2023 *\/\n.elementor-widget-image{text-align:center}.elementor-widget-image a{display:inline-block}.elementor-widget-image a img[src$=\".svg\"]{width:48px}.elementor-widget-image img{vertical-align:middle;display:inline-block}<\/style>\t\t\t\t\t\t\t\t\t\t\t\t<img loading=\"lazy\" decoding=\"async\" width=\"762\" height=\"1024\" src=\"https:\/\/www.suzrestaurant.com\/wp-content\/uploads\/2023\/07\/suz-photo-1-762x1024.jpg\" class=\"attachment-large size-large wp-image-987697\" alt=\"\" srcset=\"https:\/\/www.suzrestaurant.com\/wp-content\/uploads\/2023\/07\/suz-photo-1-762x1024.jpg 762w, https:\/\/www.suzrestaurant.com\/wp-content\/uploads\/2023\/07\/suz-photo-1-223x300.jpg 223w, https:\/\/www.suzrestaurant.com\/wp-content\/uploads\/2023\/07\/suz-photo-1-768x1032.jpg 768w, https:\/\/www.suzrestaurant.com\/wp-content\/uploads\/2023\/07\/suz-photo-1-1143x1536.jpg 1143w, https:\/\/www.suzrestaurant.com\/wp-content\/uploads\/2023\/07\/suz-photo-1-1524x2048.jpg 1524w, https:\/\/www.suzrestaurant.com\/wp-content\/uploads\/2023\/07\/suz-photo-1.jpg 1546w\" sizes=\"auto, (max-width: 762px) 100vw, 762px\" \/>\t\t\t\t\t\t\t\t\t\t\t\t\t\t\t<\/div>\n\t\t\t\t<\/div>\n\t\t\t\t\t<\/div>\n\t\t<\/div>\n\t\t\t\t<div class=\"elementor-column elementor-col-50 elementor-top-column elementor-element elementor-element-d014a56\" data-id=\"d014a56\" data-element_type=\"column\">\n\t\t\t<div class=\"elementor-widget-wrap elementor-element-populated\">\n\t\t\t\t\t\t\t\t<div class=\"elementor-element elementor-element-84755bf elementor-widget elementor-widget-image\" data-id=\"84755bf\" data-element_type=\"widget\" data-settings=\"{&quot;motion_fx_motion_fx_scrolling&quot;:&quot;yes&quot;,&quot;motion_fx_translateY_effect&quot;:&quot;yes&quot;,&quot;motion_fx_translateY_speed&quot;:{&quot;unit&quot;:&quot;px&quot;,&quot;size&quot;:2,&quot;sizes&quot;:[]},&quot;motion_fx_devices&quot;:[&quot;desktop&quot;],&quot;motion_fx_translateY_affectedRange&quot;:{&quot;unit&quot;:&quot;%&quot;,&quot;size&quot;:&quot;&quot;,&quot;sizes&quot;:{&quot;start&quot;:0,&quot;end&quot;:100}}}\" data-widget_type=\"image.default\">\n\t\t\t\t<div class=\"elementor-widget-container\">\n\t\t\t\t\t\t\t\t\t\t\t\t\t\t\t<img loading=\"lazy\" decoding=\"async\" width=\"682\" height=\"1024\" src=\"https:\/\/www.suzrestaurant.com\/wp-content\/uploads\/2023\/09\/ECM07135-682x1024.jpg\" class=\"attachment-large size-large wp-image-988368\" alt=\"\" srcset=\"https:\/\/www.suzrestaurant.com\/wp-content\/uploads\/2023\/09\/ECM07135-682x1024.jpg 682w, https:\/\/www.suzrestaurant.com\/wp-content\/uploads\/2023\/09\/ECM07135-200x300.jpg 200w, https:\/\/www.suzrestaurant.com\/wp-content\/uploads\/2023\/09\/ECM07135-768x1152.jpg 768w, https:\/\/www.suzrestaurant.com\/wp-content\/uploads\/2023\/09\/ECM07135-1024x1536.jpg 1024w, https:\/\/www.suzrestaurant.com\/wp-content\/uploads\/2023\/09\/ECM07135-8x12.jpg 8w, https:\/\/www.suzrestaurant.com\/wp-content\/uploads\/2023\/09\/ECM07135.jpg 1333w\" sizes=\"auto, (max-width: 682px) 100vw, 682px\" \/>\t\t\t\t\t\t\t\t\t\t\t\t\t\t\t<\/div>\n\t\t\t\t<\/div>\n\t\t\t\t\t<\/div>\n\t\t<\/div>\n\t\t\t\t\t\t\t<\/div>\n\t\t<\/section>\n\t\t\t\t<section class=\"elementor-section elementor-top-section elementor-element elementor-element-dc86312 elementor-section-boxed elementor-section-height-default elementor-section-height-default\" data-id=\"dc86312\" data-element_type=\"section\" data-settings=\"{&quot;background_background&quot;:&quot;classic&quot;}\">\n\t\t\t\t\t\t<div class=\"elementor-container elementor-column-gap-no\">\n\t\t\t\t\t<div class=\"elementor-column elementor-col-100 elementor-top-column elementor-element elementor-element-02cd83e\" data-id=\"02cd83e\" data-element_type=\"column\">\n\t\t\t<div class=\"elementor-widget-wrap elementor-element-populated\">\n\t\t\t\t\t\t\t\t<div class=\"elementor-element elementor-element-402be76 elementor-invisible elementor-widget elementor-widget-heading\" data-id=\"402be76\" data-element_type=\"widget\" data-settings=\"{&quot;_animation&quot;:&quot;fadeIn&quot;,&quot;_animation_tablet&quot;:&quot;none&quot;,&quot;_animation_delay&quot;:200}\" data-widget_type=\"heading.default\">\n\t\t\t\t<div class=\"elementor-widget-container\">\n\t\t\t<h6 class=\"elementor-heading-title elementor-size-default\">\"Beklenmedik ve s\u0131ra d\u0131\u015f\u0131 bir konumda, bulundu\u011fu topraklara \u00e7a\u011fda\u015f bir yorum getiren, ate\u015fin hem g\u00fc\u00e7l\u00fc hem de naif y\u00f6nlerini k\u0131lavuz edinen, sade, dingin ve s\u00fcrd\u00fcr\u00fclebilir bir restoran\u2019\u2019<\/h6>\t\t<\/div>\n\t\t\t\t<\/div>\n\t\t\t\t\t<\/div>\n\t\t<\/div>\n\t\t\t\t\t\t\t<\/div>\n\t\t<\/section>\n\t\t\t\t\t\t\t<\/div>\n\t\t","protected":false},"excerpt":{"rendered":"<p>S\u00dbZ; a\u00e7\u0131k ate\u015ften lezzetleri sofistike bir mutfak anlay\u0131\u015f\u0131yla bulu\u015fturarak, sizleri yepyeni bir gastronomi deneyimine davet ediyor. Bulundu\u011fu topraklar\u0131n tarihini ve&#8230;<\/p>\n","protected":false},"author":1,"featured_media":987662,"parent":0,"menu_order":0,"comment_status":"closed","ping_status":"closed","template":"elementor_header_footer","meta":{"footnotes":""},"class_list":["post-86","page","type-page","status-publish","has-post-thumbnail","hentry"],"_links":{"self":[{"href":"https:\/\/www.suzrestaurant.com\/tr\/wp-json\/wp\/v2\/pages\/86","targetHints":{"allow":["GET"]}}],"collection":[{"href":"https:\/\/www.suzrestaurant.com\/tr\/wp-json\/wp\/v2\/pages"}],"about":[{"href":"https:\/\/www.suzrestaurant.com\/tr\/wp-json\/wp\/v2\/types\/page"}],"author":[{"embeddable":true,"href":"https:\/\/www.suzrestaurant.com\/tr\/wp-json\/wp\/v2\/users\/1"}],"replies":[{"embeddable":true,"href":"https:\/\/www.suzrestaurant.com\/tr\/wp-json\/wp\/v2\/comments?post=86"}],"version-history":[{"count":93,"href":"https:\/\/www.suzrestaurant.com\/tr\/wp-json\/wp\/v2\/pages\/86\/revisions"}],"predecessor-version":[{"id":988609,"href":"https:\/\/www.suzrestaurant.com\/tr\/wp-json\/wp\/v2\/pages\/86\/revisions\/988609"}],"wp:featuredmedia":[{"embeddable":true,"href":"https:\/\/www.suzrestaurant.com\/tr\/wp-json\/wp\/v2\/media\/987662"}],"wp:attachment":[{"href":"https:\/\/www.suzrestaurant.com\/tr\/wp-json\/wp\/v2\/media?parent=86"}],"curies":[{"name":"wp","href":"https:\/\/api.w.org\/{rel}","templated":true}]}}